{"id":5786,"date":"2017-10-17T08:40:39","date_gmt":"2017-10-17T08:40:39","guid":{"rendered":"http:\/\/forall.es\/mgeni\/?page_id=5786"},"modified":"2022-10-27T15:40:29","modified_gmt":"2022-10-27T15:40:29","slug":"informacion-de-interes","status":"publish","type":"page","link":"https:\/\/master.us.es\/pdgeni\/informacion-de-interes\/","title":{"rendered":"Informaci\u00f3n de inter\u00e9s"},"content":{"rendered":"<p><a href=\"https:\/\/www.us.es\/\">Portal Universidad de Sevilla<\/a><\/p>\n<p><a href=\"https:\/\/www.us.es\/internacional\/oficina-welcome\/vivir-la-us\">Vivir la US<\/a><\/p>\n<p><a href=\"https:\/\/fceye.us.es\/\">Facultad de Ciencias Econ\u00f3micas y Empresariales de la US<\/a><\/p>\n<p><a href=\"https:\/\/www.us.es\/centros\/departamentos\/administracion-de-empresas-y-marketing\">Departamento de Administraci\u00f3n de Empresas y Marketing de la US<\/a><\/p>\n<p><a href=\"http:\/\/cat.us.es\/sites\/default\/files\/documentos\/normativa-resoluciones-y-reglamentos\/normas_de_matricula_22-23.pdf\">Normas Reguladores en Estudios de M\u00e1ster Universitario 2022-2023<\/a><\/p>\n<p><a href=\"http:\/\/guiadeestudiantes.us.es\/\">Gu\u00eda del Estudiante de la US<\/a><\/p>\n<p><a href=\"https:\/\/cat.us.es\/\">Centro de Atenci\u00f3n al Estudiante (CAT)<\/a><\/p>\n<p><a href=\"http:\/\/www.internacional.us.es\/welcome-us\" target=\"_blank\" rel=\"noopener\">Informaci\u00f3n para estudiantes extranjeros (Oficina Welcome US)<\/a><\/p>\n<p><a href=\"https:\/\/www.us.es\/estudiar\/becas-ayudas\" target=\"_blank\" rel=\"noopener\">Becas y Ayudas<\/a><\/p>\n<p><a href=\"https:\/\/www.us.es\/internacional\/movilidad\">Movilidad Internacional<\/a><\/p>\n<p><a href=\"https:\/\/www.us.es\/internacional\/oficina-welcome\/centro-internacional\">Centro Internacional<\/a><\/p>\n<p><a href=\"https:\/\/sevius.us.es\/\">Secretar\u00eda Virtual<\/a><\/p>\n<p><a href=\"https:\/\/ev.us.es\/\">Ense\u00f1anza Virtual<\/a><\/p>\n<p><a href=\"https:\/\/bib.us.es\/economicas\/\">Biblioteca US<\/a><\/p>\n<p><a href=\"https:\/\/institucional.us.es\/vrelinstitu\/node\/99\" target=\"_blank\" rel=\"noopener\">Carnet Universitario<\/a><\/p>\n<p><a href=\"https:\/\/cicus.us.es\/\">Centro de Iniciativas Culturales de la US (CICUS)<\/a><\/p>\n<p><a href=\"http:\/\/www.sadus.us.es\/\" target=\"_blank\" rel=\"noopener\">Actividades Deportivas (SADUS)<\/a><\/p>\n<p><a href=\"https:\/\/servicio.us.es\/spee\/practicas\">Secretariado de Pr\u00e1cticas en Empresas y Empleo<\/a><\/p>\n<p><a href=\"https:\/\/sacu.us.es\/\">Servicio de Asistencia a la Comunidad Universitaria (SACU)<\/a><\/p>\n<ul>\n<li><a href=\"https:\/\/sacu.us.es\/spp-prestaciones\">Asesoramiento US<\/a><\/li>\n<li><a href=\"https:\/\/sacu.us.es\/spp-servicios-alojamiento\">Bolsa de Alojamiento y Viviendas<\/a><\/li>\n<li><a href=\"https:\/\/sacu.us.es\/spp-servicios-comedores\">Comedores Universitarios<\/a><\/li>\n<li><a href=\"https:\/\/sacu.us.es\/spp-servicios-intercambio\">Intercambio ling\u00fc\u00edstico<\/a><\/li>\n<li><a href=\"http:\/\/igualdad.us.es\/\">Unidad para la Igualdad<\/a><\/li>\n<li><a href=\"https:\/\/sacu.us.es\/spp-prestaciones-voluntariado\">Voluntariado<\/a><\/li>\n<li><a href=\"https:\/\/www.us.es\/internacional\/oficina-welcome\/vivir-en-sevilla\">Vivir en Sevilla<\/a><\/li>\n<\/ul>\n<p>&nbsp;<\/p>\n<p>&nbsp;<\/p>\n<p>&nbsp;<\/p>\n<p>&nbsp;<\/p>\n<p>&nbsp;<\/p>\n","protected":false},"excerpt":{"rendered":"<p>Portal Universidad de Sevilla Vivir la US Facultad de Ciencias Econ\u00f3micas y Empresariales de la US Departamento de Administraci\u00f3n de Empresas y Marketing de la US Normas Reguladores en Estudios de M\u00e1ster Universitario 2022-2023 Gu\u00eda del Estudiante de la US Centro de Atenci\u00f3n al Estudiante (CAT) Informaci\u00f3n para estudiantes extranjeros (Oficina Welcome US) Becas y &hellip;<\/p>\n","protected":false},"author":1,"featured_media":0,"parent":0,"menu_order":0,"comment_status":"closed","ping_status":"closed","template":"","meta":{"_acf_changed":false,"footnotes":""},"class_list":["post-5786","page","type-page","status-publish","hentry"],"acf":[],"_links":{"self":[{"href":"https:\/\/master.us.es\/pdgeni\/wp-json\/wp\/v2\/pages\/5786","targetHints":{"allow":["GET"]}}],"collection":[{"href":"https:\/\/master.us.es\/pdgeni\/wp-json\/wp\/v2\/pages"}],"about":[{"href":"https:\/\/master.us.es\/pdgeni\/wp-json\/wp\/v2\/types\/page"}],"author":[{"embeddable":true,"href":"https:\/\/master.us.es\/pdgeni\/wp-json\/wp\/v2\/users\/1"}],"replies":[{"embeddable":true,"href":"https:\/\/master.us.es\/pdgeni\/wp-json\/wp\/v2\/comments?post=5786"}],"version-history":[{"count":30,"href":"https:\/\/master.us.es\/pdgeni\/wp-json\/wp\/v2\/pages\/5786\/revisions"}],"predecessor-version":[{"id":6509,"href":"https:\/\/master.us.es\/pdgeni\/wp-json\/wp\/v2\/pages\/5786\/revisions\/6509"}],"wp:attachment":[{"href":"https:\/\/master.us.es\/pdgeni\/wp-json\/wp\/v2\/media?parent=5786"}],"curies":[{"name":"wp","href":"https:\/\/api.w.org\/{rel}","templated":true}]}}