{"id":2,"date":"2024-03-15T11:04:05","date_gmt":"2024-03-15T10:04:05","guid":{"rendered":"https:\/\/master.us.es\/producsinfonica\/?page_id=2"},"modified":"2024-05-02T01:24:05","modified_gmt":"2024-05-01T23:24:05","slug":"pagina-ejemplo","status":"publish","type":"page","link":"https:\/\/master.us.es\/producsinfonica\/","title":{"rendered":"P\u00e1gina de Inicio"},"content":{"rendered":"\r\n<p style=\"text-align: justify;\">El m\u00e1ster en Producci\u00f3n y Grabaci\u00f3n Musical Sinf\u00f3nica es una oferta formativa de alta especializaci\u00f3n donde el estudiante podr\u00e1 adquirir los conocimientos necesarios para grabar, editar y postproducir a plantillas instrumentales de gran formato tales como coros, bandas y orquestas sinf\u00f3nicas.<\/p>\r\n\r\n\r\n\r\n<p style=\"text-align: justify;\">El alumnos realizar\u00e1 pr\u00e1cticas con orquestas sinf\u00f3nicas y ver\u00e1 publicado su trabajo en un CD que se lanzar\u00e1 desde el m\u00e1ster por canales comerciales.<br \/>Adem\u00e1s, realizar\u00e1 pr\u00e1cticas de grabaci\u00f3n con m\u00fasicos profesionales de diversos estilos incluyendo m\u00fasica cl\u00e1sica, contempor\u00e1nea, m\u00fasica coral, m\u00fasica procesional y m\u00fasica de cine.<\/p>\r\n<div class=\"page\" title=\"Page 5\">\r\n<div class=\"layoutArea\">\r\n<div class=\"column\">\r\n<p style=\"text-align: justify;\"><span>Tras la realizacio\u0301n del ma\u0301ster, el alumno adquirira\u0301 conocimientos en las a\u0301reas del ana\u0301lisis musical, (tanto formal, este\u0301tico como instrumental), para preparar una sesio\u0301n de grabacio\u0301n adelanta\u0301ndose a las problema\u0301ticas que puedan presentar las partituras. <\/span><\/p>\r\n<p style=\"text-align: justify;\"><span>Aprendera\u0301 a emplear los equipos tecnolo\u0301gicos necesarios para realizar una grabacio\u0301n profesional a plantillas instrumentales de gran formato.<br \/>Entendera\u0301 la industria fonogra\u0301fica y podra\u0301 crear su propia productora.<br \/>Estudiara\u0301 el campo juri\u0301dico audiovisual, el derecho de autor y la propiedad intelectual, facilita\u0301ndole la futura contratacio\u0301n con autores, directores y formaciones musicales para la realizacio\u0301n de una produccio\u0301n fonogra\u0301fica.<\/span><\/p>\r\n<p>&nbsp;<\/p>\r\n<p><strong>Lugar de impartici\u00f3n<\/strong><\/p>\r\n<p>Facultad de Comunicaci\u00f3n (Universidad de Sevilla)<\/p>\r\n<p>&nbsp;<\/p>\r\n<div class=\"page\" title=\"Page 4\">\r\n<div class=\"layoutArea\">\r\n<div class=\"column\">\r\n<p><strong>Comision Acad\u00e9mica<\/strong><\/p>\r\n<\/div>\r\n<\/div>\r\n<table>\r\n<tbody>\r\n<tr>\r\n<td><\/td>\r\n<td><\/td>\r\n<\/tr>\r\n<tr>\r\n<td>\r\n<div class=\"layoutArea\">\r\n<div class=\"column\">\r\n<p><span>Torres Simo\u0301n, Francisco Javier <\/span><\/p>\r\n<\/div>\r\n<\/div>\r\n<\/td>\r\n<td>\r\n<div class=\"layoutArea\">\r\n<div class=\"column\">\r\n<p><span>Universidad de Sevilla &#8211; Comunicacio\u0301n Audiovisual y Publicidad <\/span><\/p>\r\n<\/div>\r\n<\/div>\r\n<\/td>\r\n<\/tr>\r\n<tr>\r\n<td>\r\n<div class=\"layoutArea\">\r\n<div class=\"column\">\r\n<p><span>Hernando Rico, David <\/span><\/p>\r\n<\/div>\r\n<\/div>\r\n<\/td>\r\n<td>\r\n<div class=\"layoutArea\">\r\n<div class=\"column\">\r\n<p><span>Institucio\u0301n no universitaria &#8211; Orquesta Sinfo\u0301nica de Bratislava <\/span><\/p>\r\n<\/div>\r\n<\/div>\r\n<\/td>\r\n<\/tr>\r\n<tr>\r\n<td>\r\n<div class=\"layoutArea\">\r\n<div class=\"column\">\r\n<p><span>Luengo Gutie\u0301rrez, Pedro Manuel <\/span><\/p>\r\n<\/div>\r\n<\/div>\r\n<\/td>\r\n<td>\r\n<div class=\"layoutArea\">\r\n<div class=\"column\">\r\n<p><span>Universidad de Sevilla &#8211; Historia del Arte <\/span><\/p>\r\n<\/div>\r\n<\/div>\r\n<\/td>\r\n<\/tr>\r\n<tr>\r\n<td>\r\n<div class=\"layoutArea\">\r\n<div class=\"column\">\r\n<p><span>Un\u0303o\u0301n Toro, Jose\u0301 <\/span><\/p>\r\n<\/div>\r\n<\/div>\r\n<\/td>\r\n<td>\r\n<div class=\"layoutArea\">\r\n<div class=\"column\">\r\n<p><span>Institucio\u0301n no universitaria &#8211; Conservatorio Superior de Mu\u0301sica de Sevilla \u00abManuel Castillo\u00bb <\/span><\/p>\r\n<\/div>\r\n<\/div>\r\n<\/td>\r\n<\/tr>\r\n<\/tbody>\r\n<\/table>\r\n<\/div>\r\n<\/div>\r\n<\/div>\r\n<div class=\"page\" title=\"Page 5\">\r\n<div class=\"layoutArea\">\r\n<div class=\"column\">\r\n<p>&nbsp;<\/p>\r\n<p><strong>Objetivos <\/strong><\/p>\r\n<p><span>El ma\u0301ster en Produccio\u0301n y Grabacio\u0301n Musical Sinfo\u0301nica es una oferta formativa de alta especializacio\u0301n donde el estudiante podra\u0301 adquirir los conocimientos necesarios para grabar, editar y postproducir a plantillas instrumentales de gran formato tales como coros, bandas y orquestas sinfo\u0301nicas. <\/span><\/p>\r\n<p><span>El alumnos realizara\u0301 pra\u0301cticas con orquestas sinfo\u0301nicas y vera\u0301 publicado su trabajo en un CD que se lanzara\u0301 desde el ma\u0301ster por canales comerciales.<br \/>Adema\u0301s, realizara\u0301 pra\u0301cticas de grabacio\u0301n con mu\u0301sicos profesionales de diversos estilos incluyendo mu\u0301sica cla\u0301sica, contempora\u0301nea, mu\u0301sica coral, mu\u0301sica procesional y mu\u0301sica de cine. <\/span><\/p>\r\n<p>&nbsp;<\/p>\r\n<p><strong>Competencias generales <\/strong><\/p>\r\n<p><span>Tras la realizacio\u0301n del ma\u0301ster, el alumno adquirira\u0301 conocimientos en las a\u0301reas del ana\u0301lisis musical, (tanto formal, este\u0301tico como instrumental), para preparar una sesio\u0301n de grabacio\u0301n adelanta\u0301ndose a las problema\u0301ticas que puedan presentar las partituras. <\/span><\/p>\r\n<p><span>Aprendera\u0301 a emplear los equipos tecnolo\u0301gicos necesarios para realizar una grabacio\u0301n profesional a plantillas instrumentales de gran formato.<br \/>Entendera\u0301 la industria fonogra\u0301fica y podra\u0301 crear su propia productora.<br \/>Estudiara\u0301 el campo juri\u0301dico audiovisual, el derecho de autor y la propiedad intelectual, facilita\u0301ndole la futura contratacio\u0301n con autores, directores y formaciones musicales para la realizacio\u0301n de una produccio\u0301n fonogra\u0301fica.<\/span><\/p>\r\n<p>&nbsp;<\/p>\r\n<\/div>\r\n<div class=\"page\" title=\"Page 7\">\r\n<div class=\"layoutArea\">\r\n<div class=\"column\">\r\n<p><strong>Mo\u0301dulos<\/strong><\/p>\r\n<p><span>1. Teori\u0301a del Sonido (2,00 cre\u0301ditos)<br \/>2. Instrumentacio\u0301n y Orquestacio\u0301n (4,00 cre\u0301ditos)<br \/>3. Ana\u0301lisis Musical (2,00 cre\u0301ditos)<br \/>4. Tecnologi\u0301a de la Produccio\u0301n Musical (2,00 cre\u0301ditos)<br \/>5. La Industria Fonogra\u0301fica (1,00 cre\u0301ditos)<br \/>6. Preproduccio\u0301n Fonogra\u0301fica (3,00 cre\u0301ditos)<br \/>7. Produccio\u0301n Musical (20,00 cre\u0301ditos)<br \/>8. Postproduccio\u0301n y Mastering (9,00 cre\u0301ditos)<br \/>9. Pra\u0301cticas en Empresa\/Institucio\u0301n (6,00 cre\u0301ditos)<br \/>10. Aspectos Legales del Sector Discogra\u0301fico (2,00 cre\u0301ditos) <\/span><\/p>\r\n<p><span>11. Trabajo Fin de Ma\u0301ster (9,00 cre\u0301ditos)<\/span><\/p>\r\n<\/div>\r\n<p>&nbsp;<\/p>\r\n<\/div>\r\n<\/div>\r\n<\/div>\r\n<\/div>\r\n<\/div>\r\n\r\n\r\n","protected":false},"excerpt":{"rendered":"<p>El m\u00e1ster en Producci\u00f3n y Grabaci\u00f3n Musical Sinf\u00f3nica es una oferta formativa de alta especializaci\u00f3n donde el estudiante podr\u00e1 adquirir los conocimientos necesarios para grabar, editar y postproducir a plantillas instrumentales de gran formato tales como coros, bandas y orquestas sinf\u00f3nicas. El alumnos realizar\u00e1 pr\u00e1cticas con orquestas sinf\u00f3nicas y ver\u00e1 [&hellip;]<\/p>\n","protected":false},"author":1,"featured_media":32,"parent":0,"menu_order":0,"comment_status":"closed","ping_status":"open","template":"","meta":{"footnotes":""},"class_list":["post-2","page","type-page","status-publish","has-post-thumbnail","hentry"],"_links":{"self":[{"href":"https:\/\/master.us.es\/producsinfonica\/wp-json\/wp\/v2\/pages\/2","targetHints":{"allow":["GET"]}}],"collection":[{"href":"https:\/\/master.us.es\/producsinfonica\/wp-json\/wp\/v2\/pages"}],"about":[{"href":"https:\/\/master.us.es\/producsinfonica\/wp-json\/wp\/v2\/types\/page"}],"author":[{"embeddable":true,"href":"https:\/\/master.us.es\/producsinfonica\/wp-json\/wp\/v2\/users\/1"}],"replies":[{"embeddable":true,"href":"https:\/\/master.us.es\/producsinfonica\/wp-json\/wp\/v2\/comments?post=2"}],"version-history":[{"count":6,"href":"https:\/\/master.us.es\/producsinfonica\/wp-json\/wp\/v2\/pages\/2\/revisions"}],"predecessor-version":[{"id":82,"href":"https:\/\/master.us.es\/producsinfonica\/wp-json\/wp\/v2\/pages\/2\/revisions\/82"}],"wp:featuredmedia":[{"embeddable":true,"href":"https:\/\/master.us.es\/producsinfonica\/wp-json\/wp\/v2\/media\/32"}],"wp:attachment":[{"href":"https:\/\/master.us.es\/producsinfonica\/wp-json\/wp\/v2\/media?parent=2"}],"curies":[{"name":"wp","href":"https:\/\/api.w.org\/{rel}","templated":true}]}}